{"id":10485,"date":"2023-05-09T22:32:46","date_gmt":"2023-05-09T19:32:46","guid":{"rendered":"http:\/\/www.emakoto.com\/?post_type=product&#038;p=10485"},"modified":"2024-11-22T13:55:21","modified_gmt":"2024-11-22T10:55:21","slug":"endustriyel-3b-yazici","status":"publish","type":"product","link":"http:\/\/www.emakoto.com\/?product=endustriyel-3b-yazici","title":{"rendered":"End\u00fcstriyel 3B Yaz\u0131c\u0131"},"content":{"rendered":"<p><a href=\"http:\/\/www.emakoto.com\/wp-content\/uploads\/2023\/05\/MAKOTO-INDUSTX-KATALOG.pdf\">MAKOTO-INDUSTX-KATALOG<\/a><\/p>\n","protected":false},"excerpt":{"rendered":"<p>MAKOTO-INDUSTX-KATALOG<\/p>\n","protected":false},"featured_media":10489,"comment_status":"open","ping_status":"closed","template":"","meta":[],"product_cat":[32],"product_tag":[],"class_list":{"0":"post-10485","1":"product","2":"type-product","3":"status-publish","4":"has-post-thumbnail","6":"product_cat-3b-yazicilar","8":"first","9":"instock","10":"taxable","11":"shipping-taxable","12":"purchasable","13":"product-type-simple"},"_links":{"self":[{"href":"http:\/\/www.emakoto.com\/index.php?rest_route=\/wp\/v3\/product\/10485","targetHints":{"allow":["GET"]}}],"collection":[{"href":"http:\/\/www.emakoto.com\/index.php?rest_route=\/wp\/v3\/product"}],"about":[{"href":"http:\/\/www.emakoto.com\/index.php?rest_route=\/wp\/v2\/types\/product"}],"replies":[{"embeddable":true,"href":"http:\/\/www.emakoto.com\/index.php?rest_route=%2Fwp%2Fv2%2Fcomments&post=10485"}],"version-history":[{"count":1,"href":"http:\/\/www.emakoto.com\/index.php?rest_route=\/wp\/v3\/product\/10485\/revisions"}],"predecessor-version":[{"id":10493,"href":"http:\/\/www.emakoto.com\/index.php?rest_route=\/wp\/v3\/product\/10485\/revisions\/10493"}],"wp:featuredmedia":[{"embeddable":true,"href":"http:\/\/www.emakoto.com\/index.php?rest_route=\/wp\/v2\/media\/10489"}],"wp:attachment":[{"href":"http:\/\/www.emakoto.com\/index.php?rest_route=%2Fwp%2Fv2%2Fmedia&parent=10485"}],"wp:term":[{"taxonomy":"product_cat","embeddable":true,"href":"http:\/\/www.emakoto.com\/index.php?rest_route=%2Fwp%2Fv2%2Fproduct_cat&post=10485"},{"taxonomy":"product_tag","embeddable":true,"href":"http:\/\/www.emakoto.com\/index.php?rest_route=%2Fwp%2Fv2%2Fproduct_tag&post=10485"}],"curies":[{"name":"wp","href":"https:\/\/api.w.org\/{rel}","templated":true}]}}