{"id":10455,"date":"2023-05-09T20:45:07","date_gmt":"2023-05-09T17:45:07","guid":{"rendered":"http:\/\/www.emakoto.com\/?post_type=product&#038;p=10455"},"modified":"2023-05-09T22:06:43","modified_gmt":"2023-05-09T19:06:43","slug":"makoto-desktopx-3d-yazici","status":"publish","type":"product","link":"http:\/\/www.emakoto.com\/?product=makoto-desktopx-3d-yazici","title":{"rendered":"Makoto DesktopX 3D Yaz\u0131c\u0131"},"content":{"rendered":"<h2>Teknik \u00d6zellikler<\/h2>\n<table style=\"height: 1201px;\" width=\"786\">\n<tbody>\n<tr>\n<td colspan=\"2\" width=\"355\">\n<h5 style=\"text-align: center;\"><strong>MAKOTO DesktopX Masa\u00fcst\u00fc FDM Yaz\u0131c\u0131<\/strong><\/h5>\n<\/td>\n<td width=\"17\"><\/td>\n<td colspan=\"2\" width=\"338\">&nbsp;<\/p>\n<p>*\u00d6zellikler opsiyonlu olarak sunulabilmektedir.<\/td>\n<\/tr>\n<tr>\n<td width=\"132\"><strong>Bask\u0131 Hacmi<\/strong><\/td>\n<td width=\"223\">&nbsp;<\/p>\n<p>300 X 300 X 375 mm<\/td>\n<td width=\"17\"><\/td>\n<td width=\"148\"><strong>\u00c7al\u0131\u015fma Sistemi<\/strong><\/td>\n<td width=\"190\">Cura Dilimleme Yaz\u0131l\u0131m\u0131 \u00dczerinden<\/td>\n<\/tr>\n<tr>\n<td width=\"132\"><strong>\u00c7al\u0131\u015fma T\u00fcr\u00fc<\/strong><\/td>\n<td width=\"223\">&nbsp;<\/p>\n<p>Gantry Sistemi<\/p>\n<p>&nbsp;<\/td>\n<td width=\"17\"><\/td>\n<td width=\"148\"><strong>Dil<\/strong><\/td>\n<td width=\"190\">T\u00fcrk\u00e7e, \u0130ngilizce, Almanca, Frans\u0131zca, \u0130talyanca, \u0130spanyolca<\/td>\n<\/tr>\n<tr>\n<td width=\"132\"><strong>Extruder<\/strong><\/td>\n<td width=\"223\">V6 Hotend Entegreli \u00c7ift Di\u015fli Extruder<\/td>\n<td width=\"17\"><\/td>\n<td width=\"148\"><strong>Desteklenen Dosya T\u00fcrleri<\/strong><\/td>\n<td width=\"190\">STL, OBJ, GCode<\/td>\n<\/tr>\n<tr>\n<td width=\"132\"><strong>Filament \u00c7ap\u0131<\/strong><\/td>\n<td width=\"223\">1.75 mm<\/td>\n<td width=\"17\"><\/td>\n<td width=\"148\"><strong>Dosya Y\u00fckleme<\/strong><\/td>\n<td width=\"190\">USB yada Wi-Fi<\/td>\n<\/tr>\n<tr>\n<td width=\"132\"><strong>Filament S\u00fcrme<\/strong><\/td>\n<td width=\"223\">Direct Drive<\/td>\n<td width=\"17\"><\/td>\n<td width=\"148\"><strong>Filament Kurutma Sistemi<\/strong><\/td>\n<td width=\"190\">Opsiyonel<\/td>\n<\/tr>\n<tr>\n<td width=\"132\"><strong>Hareket H\u0131z\u0131<\/strong><\/td>\n<td width=\"223\">30 \u2013 150 mm\/sn<\/td>\n<td width=\"17\"><\/td>\n<td width=\"148\"><strong>Filament Is\u0131tma Sistemi<\/strong><\/td>\n<td width=\"190\">Pasif Oda \u0130\u00e7i Is\u0131tma<\/td>\n<\/tr>\n<tr>\n<td width=\"132\"><strong>Noz\u00fcl \u00c7ap\u0131<\/strong><\/td>\n<td width=\"223\">0.2 mm \u2013 0.8 mm<\/td>\n<td width=\"17\"><\/td>\n<td width=\"148\"><strong>Uzaktan Eri\u015fim \u0130mk\u00e2n\u0131<\/strong><\/td>\n<td width=\"190\">Var<\/td>\n<\/tr>\n<tr>\n<td width=\"132\"><strong>\u00c7\u00f6z\u00fcn\u00fcrl\u00fck<\/strong><\/td>\n<td width=\"223\">0.025 mm<\/td>\n<td width=\"17\"><\/td>\n<td width=\"148\"><strong>Dahili G\u00fc\u00e7 Sistemi<\/strong><\/td>\n<td width=\"190\">Opsiyonel<\/td>\n<\/tr>\n<tr>\n<td width=\"132\"><strong>Katman \u00c7\u00f6z\u00fcn\u00fcrl\u00fc\u011f\u00fc<\/strong><\/td>\n<td width=\"223\">0.05 mm<\/td>\n<td width=\"17\"><\/td>\n<td width=\"148\"><strong>Elektrik Kesintisinde Bask\u0131ya Durumu<\/strong><\/td>\n<td width=\"190\">Elektrik Gelince Kald\u0131\u011f\u0131 Yerden Devam Edebilme<\/td>\n<\/tr>\n<tr>\n<td width=\"132\"><strong>Ekran<\/strong><\/td>\n<td width=\"223\">3.5 \u0130n\u00e7 Kapasitif Dokunmatik Ekran<\/td>\n<td width=\"17\"><\/td>\n<td width=\"148\"><strong>Hepa Filtre Sistemi<\/strong><\/td>\n<td width=\"190\">&nbsp;<\/p>\n<p>Var<\/td>\n<\/tr>\n<tr>\n<td width=\"132\"><strong>Is\u0131t\u0131c\u0131 Tabla<\/strong><\/td>\n<td width=\"223\">Maksimum 110 Derece<\/td>\n<td width=\"17\"><\/td>\n<td width=\"148\"><strong>Motor S\u00fcr\u00fcc\u00fcleri<\/strong><\/td>\n<td width=\"190\">TMC Serisi S\u00fcr\u00fcc\u00fc<\/td>\n<\/tr>\n<tr>\n<td width=\"132\"><strong>Tabla Kalibrasyonu<\/strong><\/td>\n<td width=\"223\">BL Touch ile Otomatik Kalibrasyon<\/td>\n<td width=\"17\"><\/td>\n<td width=\"148\"><strong>Filament Biti\u015f Alg\u0131lama Sens\u00f6r\u00fc<\/strong><\/td>\n<td width=\"190\">Var<\/td>\n<\/tr>\n<tr>\n<td width=\"132\"><strong>Dahili Haf\u0131za<\/strong><\/td>\n<td width=\"223\">16 GB<\/td>\n<td width=\"17\"><\/td>\n<td width=\"148\"><strong>Enerji T\u00fcketimi Max.<\/strong><\/td>\n<td width=\"190\">348 Watt<\/td>\n<\/tr>\n<tr>\n<td width=\"132\"><strong>\u00dcretimi Yap\u0131labilen Malzemeler<\/strong><\/td>\n<td width=\"223\">PLA, ABS, TPU, HIPS, FLEX, ASA, PP, PCABS<\/td>\n<td width=\"17\"><\/td>\n<td width=\"148\"><strong>\u00dcr\u00fcn \u00d6l\u00e7\u00fcleri<\/strong><\/td>\n<td width=\"190\">560 X 535 X 750 mm<\/td>\n<\/tr>\n<\/tbody>\n<\/table>\n<p>&nbsp;<\/p>\n","protected":false},"excerpt":{"rendered":"<p>Teknik \u00d6zellikler MAKOTO DesktopX Masa\u00fcst\u00fc FDM Yaz\u0131c\u0131 &nbsp; *\u00d6zellikler opsiyonlu olarak sunulabilmektedir. Bask\u0131 Hacmi &nbsp; 300 X 300 X 375<\/p>\n","protected":false},"featured_media":10465,"comment_status":"open","ping_status":"closed","template":"","meta":[],"product_cat":[32],"product_tag":[],"class_list":{"0":"post-10455","1":"product","2":"type-product","3":"status-publish","4":"has-post-thumbnail","6":"product_cat-3b-yazicilar","8":"first","9":"instock","10":"sale","11":"taxable","12":"shipping-taxable","13":"purchasable","14":"product-type-simple"},"_links":{"self":[{"href":"http:\/\/www.emakoto.com\/index.php?rest_route=\/wp\/v3\/product\/10455","targetHints":{"allow":["GET"]}}],"collection":[{"href":"http:\/\/www.emakoto.com\/index.php?rest_route=\/wp\/v3\/product"}],"about":[{"href":"http:\/\/www.emakoto.com\/index.php?rest_route=\/wp\/v2\/types\/product"}],"replies":[{"embeddable":true,"href":"http:\/\/www.emakoto.com\/index.php?rest_route=%2Fwp%2Fv2%2Fcomments&post=10455"}],"version-history":[{"count":5,"href":"http:\/\/www.emakoto.com\/index.php?rest_route=\/wp\/v3\/product\/10455\/revisions"}],"predecessor-version":[{"id":10471,"href":"http:\/\/www.emakoto.com\/index.php?rest_route=\/wp\/v3\/product\/10455\/revisions\/10471"}],"wp:featuredmedia":[{"embeddable":true,"href":"http:\/\/www.emakoto.com\/index.php?rest_route=\/wp\/v2\/media\/10465"}],"wp:attachment":[{"href":"http:\/\/www.emakoto.com\/index.php?rest_route=%2Fwp%2Fv2%2Fmedia&parent=10455"}],"wp:term":[{"taxonomy":"product_cat","embeddable":true,"href":"http:\/\/www.emakoto.com\/index.php?rest_route=%2Fwp%2Fv2%2Fproduct_cat&post=10455"},{"taxonomy":"product_tag","embeddable":true,"href":"http:\/\/www.emakoto.com\/index.php?rest_route=%2Fwp%2Fv2%2Fproduct_tag&post=10455"}],"curies":[{"name":"wp","href":"https:\/\/api.w.org\/{rel}","templated":true}]}}